{"id":6,"date":"2023-09-13T10:01:13","date_gmt":"2023-09-13T10:01:13","guid":{"rendered":"https:\/\/adoring-stonebraker.94-143-137-71.plesk.page\/index.php\/registro-de-estudiante\/"},"modified":"2023-09-13T10:01:13","modified_gmt":"2023-09-13T10:01:13","slug":"registro-de-estudiante","status":"publish","type":"page","link":"https:\/\/adoring-stonebraker.94-143-137-71.plesk.page\/index.php\/registro-de-estudiante\/","title":{"rendered":"Registro de Estudiante"},"content":{"rendered":"\n\n\t<div id=\"tutor-registration-wrap\">\n\n\t\t\n\t\t<form method=\"post\" enctype=\"multipart\/form-data\" id=\"tutor-registration-form\">\n\t\t\t<input type=\"hidden\" name=\"tutor_course_enroll_attempt\" value=\"\">\n\t\t\t\n\t\t\t<input type=\"hidden\" id=\"_tutor_nonce\" name=\"_tutor_nonce\" value=\"a76e8b7d8d\" \/><input type=\"hidden\" name=\"_wp_http_referer\" value=\"\/index.php\/wp-json\/wp\/v2\/pages\/6\" \/>\t\t\t<input type=\"hidden\" value=\"tutor_register_student\" name=\"tutor_action\"\/>\n\n\t\t\t\n\t\t\t<div class=\"tutor-form-row\">\n\t\t\t\t<div class=\"tutor-form-col-6\">\n\t\t\t\t\t<div class=\"tutor-form-group\">\n\t\t\t\t\t\t<label>\n\t\t\t\t\t\t\tNombre\t\t\t\t\t\t<\/label>\n\n\t\t\t\t\t\t<input type=\"text\" name=\"first_name\" value=\"\" placeholder=\"Nombre\" required autocomplete=\"given-name\">\n\t\t\t\t\t<\/div>\n\t\t\t\t<\/div>\n\n\t\t\t\t<div class=\"tutor-form-col-6\">\n\t\t\t\t\t<div class=\"tutor-form-group\">\n\t\t\t\t\t\t<label>\n\t\t\t\t\t\t\tApellidos\t\t\t\t\t\t<\/label>\n\n\t\t\t\t\t\t<input type=\"text\" name=\"last_name\" value=\"\" placeholder=\"Apellidos\" required autocomplete=\"family-name\">\n\t\t\t\t\t<\/div>\n\t\t\t\t<\/div>\n\n\t\t\t<\/div>\n\n\t\t\t<div class=\"tutor-form-row\">\n\t\t\t\t<div class=\"tutor-form-col-6\">\n\t\t\t\t\t<div class=\"tutor-form-group\">\n\t\t\t\t\t\t<label>\n\t\t\t\t\t\t\tNombre de usuario\t\t\t\t\t\t<\/label>\n\n\t\t\t\t\t\t<input type=\"text\" name=\"user_login\" class=\"tutor_user_name\" value=\"\" placeholder=\"Nombre de usuario\" required autocomplete=\"username\">\n\t\t\t\t\t<\/div>\n\t\t\t\t<\/div>\n\n\t\t\t\t<div class=\"tutor-form-col-6\">\n\t\t\t\t\t<div class=\"tutor-form-group\">\n\t\t\t\t\t\t<label>\n\t\t\t\t\t\t\tCorreo electr\u00f3nico\t\t\t\t\t\t<\/label>\n\n\t\t\t\t\t\t<input type=\"text\" name=\"email\" value=\"\" placeholder=\"Correo electr\u00f3nico\" required autocomplete=\"email\">\n\t\t\t\t\t<\/div>\n\t\t\t\t<\/div>\n\n\t\t\t<\/div>\n\n\t\t\t<div class=\"tutor-form-row\">\n\t\t\t\t<div class=\"tutor-form-col-6\">\n\t\t\t\t\t<div class=\"tutor-form-group\">\n\t\t\t\t\t\t<label>\n\t\t\t\t\t\t\tContrase\u00f1a\t\t\t\t\t\t<\/label>\n\n\t\t\t\t\t\t<input type=\"password\" name=\"password\" value=\"\" placeholder=\"Contrase\u00f1a\" required autocomplete=\"new-password\">\n\t\t\t\t\t<\/div>\n\t\t\t\t<\/div>\n\n\t\t\t\t<div class=\"tutor-form-col-6\">\n\t\t\t\t\t<div class=\"tutor-form-group\">\n\t\t\t\t\t\t<label>\n\t\t\t\t\t\t\tConfirmaci\u00f3n de contrase\u00f1a\t\t\t\t\t\t<\/label>\n\n\t\t\t\t\t\t<input type=\"password\" name=\"password_confirmation\" value=\"\" placeholder=\"Confirmaci\u00f3n de contrase\u00f1a\" required autocomplete=\"new-password\">\n\t\t\t\t\t<\/div>\n\t\t\t\t<\/div>\n\t\t\t<\/div>\n\n\n\t\t\t<div class=\"tutor-form-row\">\n\t\t\t\t<div class=\"tutor-form-col-12\">\n\t\t\t\t\t<div class=\"tutor-form-group\">\n\t\t\t\t\t\t<div id=\"acf-form-data\" class=\"acf-hidden\">\n\t\t<input id=\"_acf_screen\" name=\"_acf_screen\" value=\"user\" type=\"hidden\" \/>\n<input id=\"_acf_post_id\" name=\"_acf_post_id\" value=\"user_0\" type=\"hidden\" \/>\n<input id=\"_acf_validation\" name=\"_acf_validation\" value=\"0\" type=\"hidden\" \/>\n<input id=\"_acf_nonce\" name=\"_acf_nonce\" value=\"8a113f4624\" type=\"hidden\" \/>\n<input id=\"_acf_changed\" name=\"_acf_changed\" value=\"0\" type=\"hidden\" \/>\n\t<\/div>\n\t<h2>V\u00eddeo Mest<\/h2><div class=\"acf-user-register-fields acf-fields -clear\"><div class=\"acf-field acf-field-mest-video acf-field-650295bc3e12f\" data-name=\"mest_video_source\" data-type=\"mest-video\" data-key=\"field_650295bc3e12f\">\n<div class=\"acf-label\">\n<label for=\"acf-field_650295bc3e12f\">Seleccionar v\u00eddeo<\/label><\/div>\n<div class=\"acf-input\">\n\t\t\t<div class=\"control\">\r\n\t\t\t\t<div class=\"no-video\">\r\n\t\t\t\t\t<p><em>Ning\u00fan v\u00eddeo seleccionado.<\/em><\/p><span class=\"button button-primary button-small wpmest-select-video\">Seleccionar v\u00eddeo<\/span>\r\n\t\t\t\t\t<input type='hidden' name='acf[field_650295bc3e12f][iframe_url]' value='' class=' iframe_url' \/>\r\n\t\t\t\t\t<input type='hidden' name='acf[field_650295bc3e12f][id_widget]' value='' class=' id_widget' \/>\r\n\t\t\t\t\t<input type='hidden' name='acf[field_650295bc3e12f][id_video]' value='' class=' id_video' \/>\r\n\r\n\t\t\t\t\t<input type='hidden' name='acf[field_650295bc3e12f][title]' value='' class=' title update' data-update='title' \/>\r\n\t\t\t\t\t<input type='hidden' name='acf[field_650295bc3e12f][description]' value='' class=' description update' data-update='description' \/>\r\n\t\t\t\t\t<input type='hidden' name='acf[field_650295bc3e12f][duration]' value='' class=' duration update' data-update='duration' \/>\r\n\t\t\t\t\t<input type='hidden' name='acf[field_650295bc3e12f][tags]' value='' class=' tags update' data-update='tags' \/>\r\n\t\t\t\t\t<input type='hidden' name='acf[field_650295bc3e12f][categories]' value='' class=' categories update' data-update='categories' \/>\r\n\t\t\t\t\t<input type='hidden' name='acf[field_650295bc3e12f][thumbnail_url]' value='' class=' thumbnail_url update' data-update='thumbnail_url' \/>\r\n\t\t\t\t<\/div>\r\n\t\t\t\t<div class=\"video\">\r\n\t\t\t\t\t<table>\r\n\t\t\t\t\t\t<tbody>\r\n\t\t\t\t\t\t\t<tr>\r\n\t\t\t\t\t\t\t\t<td>\r\n\t\t\t\t\t\t\t\t\t\t\t\t\t\t\t\t\t\t\t\t<iframe src=\"\" seamless=\"seamless\" frameborder=\"0\" scrolling=\"no\" allowfullscreen width=\"300\" height=\"180\"><\/iframe>\r\n\t\t\t\t\t\t\t\t\t\t\t\t\t\t\t\t\t\t\t<\/td>\r\n\t\t\t\t\t\t\t\t<td>\r\n\t\t\t\t\t\t\t\t\t<div class=\"video_info\">\r\n\t\t\t\t\t\t\t\t\t\t<p><span class=\"meta_title\">T\u00edtulo: <\/span><span class=\"title update\"><\/span><\/p>\r\n\t\t\t\t\t\t\t\t\t\t<p><span class=\"meta_title\">Descripci\u00f3n: <\/span><span class=\"description update\"><\/span><\/p>\r\n\t\t\t\t\t\t\t\t\t\t<p><span class=\"meta_title\">Duraci\u00f3n: <\/span><span class=\"duration update\"><\/span><\/p>\r\n\t\t\t\t\t\t\t\t\t\t<p><span class=\"meta_title\">Tags: <\/span><span class=\"tags update\"><\/span><\/p>\r\n\t\t\t\t\t\t\t\t\t\t<p><span class=\"meta_title\">Categor\u00edas: <\/span><span class=\"categories update\"><\/span><\/p>\r\n\t\t\t\t\t\t\t\t\t<\/div>\r\n\t\t\t\t\t\t\t\t<\/td>\r\n\t\t\t\t\t\t\t<\/tr>\r\n\t\t\t\t\t\t\t<tr>\r\n\t\t\t\t\t\t\t\t<td>\r\n\t\t\t\t\t\t\t\t\t<span class=\"button button-small button-mest wpmest-remove-video\">Eliminar v\u00eddeo<\/span>\r\n\t\t\t\t\t\t\t\t<\/td>\r\n\t\t\t\t\t\t\t\t<td>\r\n\t\t\t\t\t\t\t\t\t<div class=\"video_update_buttons\">\r\n\t\t\t\t\t\t\t\t\t\t<span class=\"button button-small button-mest wpmest-update-video\">Actualizar informaci\u00f3n del v\u00eddeo<\/span><span class=\"button button-small button-mest wpmest-propagate-video\">Propagar informaci\u00f3n del v\u00eddeo al post<\/span>\r\n\t\t\t\t\t\t\t\t\t<\/div>\r\n\t\t\t\t\t\t\t\t<\/td>\r\n\t\t\t\t\t\t\t<\/tr>\r\n\t\t\t\t\t\t<\/tbody>\r\n\t\t\t\t\t<\/table>\r\n\t\t\t\t<\/div>\r\n\t\t\t<\/div>\r\n\t\t<\/div>\n<\/div>\n<\/div>\t\t\t\t\t<\/div>\n\t\t\t\t<\/div>\n\t\t\t<\/div>    \n\n\t\t\t\n\t\t\t\t\t\t\n\t\t\t<div>\n\t\t\t\t<button type=\"submit\" name=\"tutor_register_student_btn\" value=\"register\" class=\"tutor-btn tutor-btn-primary tutor-btn-block\">Reg\u00edstrate<\/button>\n\t\t\t<\/div>\n\t\t\t\t\t\t\n\t\t<\/form>\n\t\t\t\t\n\t<\/div>\n\t","protected":false},"excerpt":{"rendered":"<p>Nombre Apellidos Nombre de usuario Correo electr\u00f3nico Contrase\u00f1a Confirmaci\u00f3n de contrase\u00f1a V\u00eddeo Mest Seleccionar v\u00eddeo Ning\u00fan v\u00eddeo seleccionado.Seleccionar v\u00eddeo T\u00edtulo:<\/p>\n","protected":false},"author":0,"featured_media":0,"parent":0,"menu_order":0,"comment_status":"closed","ping_status":"closed","template":"","meta":{"qubely_global_settings":"","qubely_interactions":"","footnotes":"","_tutorstarter_page_metadata":[]},"_links":{"self":[{"href":"https:\/\/adoring-stonebraker.94-143-137-71.plesk.page\/index.php\/wp-json\/wp\/v2\/pages\/6"}],"collection":[{"href":"https:\/\/adoring-stonebraker.94-143-137-71.plesk.page\/index.php\/wp-json\/wp\/v2\/pages"}],"about":[{"href":"https:\/\/adoring-stonebraker.94-143-137-71.plesk.page\/index.php\/wp-json\/wp\/v2\/types\/page"}],"replies":[{"embeddable":true,"href":"https:\/\/adoring-stonebraker.94-143-137-71.plesk.page\/index.php\/wp-json\/wp\/v2\/comments?post=6"}],"version-history":[{"count":0,"href":"https:\/\/adoring-stonebraker.94-143-137-71.plesk.page\/index.php\/wp-json\/wp\/v2\/pages\/6\/revisions"}],"wp:attachment":[{"href":"https:\/\/adoring-stonebraker.94-143-137-71.plesk.page\/index.php\/wp-json\/wp\/v2\/media?parent=6"}],"curies":[{"name":"wp","href":"https:\/\/api.w.org\/{rel}","templated":true}]}}